{"id":174,"date":"2019-07-04T14:12:52","date_gmt":"2019-07-04T12:12:52","guid":{"rendered":"https:\/\/www.spruchverfahren-direkt.de\/?page_id=174"},"modified":"2023-02-28T10:25:16","modified_gmt":"2023-02-28T09:25:16","slug":"investoren","status":"publish","type":"page","link":"https:\/\/www.spruchverfahren-direkt.de\/?page_id=174","title":{"rendered":"Investoren"},"content":{"rendered":"\n<p>Vielen <strong>\u00dcbernahmen <\/strong>folgen <strong>kompensationspflichtige Strukturma\u00dfnahmen<\/strong>. Daher werten wir die gesetzlichen Bekanntmachungen aus, bringen Links zu den wesentlichen Informationsquellen und verweisen auf ausgew\u00e4hlte Presseartikel &#8211; ohne Anspruch auf Vollst\u00e4ndigkeit und Richtigkeit.<\/p>\n\n\n\n<ul class=\"wp-block-list\">\n<li><strong><a rel=\"noreferrer noopener\" aria-label=\"Nachrichten zu Abfindungswerten (\u00f6ffnet in neuem Tab)\" href=\"https:\/\/www.spruchverfahren-direkt.de\/?cat=26\" target=\"_blank\">Nachrichten zu Abfindungswerten<\/a><\/strong>: Die Berichterstattung enth\u00e4lt alle Bekanntmachungen und Nachrichten, die von Emittenten, Gerichten oder anderen \u00f6ffentlich bekannt gemacht werden. <\/li>\n\n\n\n<li><strong><a rel=\"noreferrer noopener\" aria-label=\"Berichte aus Spruchverfahren (\u00f6ffnet in neuem Tab)\" href=\"https:\/\/www.spruchverfahren-direkt.de\/?cat=13\" target=\"_blank\">Berichte aus Spruchverfahren<\/a><\/strong>: Hier berichten Korrespondenten und Verfahrensteilnehmer aus ausgesuchten Verfahren. <\/li>\n\n\n\n<li>\u00dcbernahmeangebote: Hier finden Sie die ver\u00f6ffentlichten <a rel=\"noreferrer noopener\" href=\"https:\/\/www.bafin.de\/SharedDocs\/Veroeffentlichungen\/DE\/Liste\/WPUeG\/li_kontrollerlangungen_wpueg.html\" target=\"_blank\">Mitteilungen \u00fcber Kontrollerlangungen sowie Ank\u00fcndigungen zu bevorstehenden \u00dcbernahmeangeboten<\/a>. <\/li>\n\n\n\n<li>\u00dcber diesen Link k\u00f6nnen die <a rel=\"noreferrer noopener\" href=\"https:\/\/www.bafin.de\/SharedDocs\/Veroeffentlichungen\/DE\/Liste\/WPUeG\/li_angebotsunterlagen_wpueg_14.html\" target=\"_blank\">Angebotsunterlagen <\/a>zu \u00dcbernahmeangeboten abgerufen werden.<\/li>\n\n\n\n<li><strong><a rel=\"noreferrer noopener\" aria-label=\"Kompensationspflichtige Strukturma\u00dfnahmen: (\u00f6ffnet in einem neuem Tab)\" href=\"https:\/\/www.spruchverfahren-direkt.de\/?p=1323\" target=\"_blank\">Kompensationspflichtige Strukturma\u00dfnahmen:<\/a><\/strong> Das \u00dcbernahmeangebot l\u00e4uft zum Beispiel auf einen Squeeze-out, eine Verschmelzung oder einen Unternehmensvertrag bzw. Beherrschungs- und Gewinnabf\u00fchrungsvertrag hinaus. <\/li>\n<\/ul>\n\n\n\n<p><\/p>\n","protected":false},"excerpt":{"rendered":"<p>Vielen \u00dcbernahmen folgen kompensationspflichtige Strukturma\u00dfnahmen. Daher werten wir die gesetzlichen Bekanntmachungen aus, bringen Links zu den wesentlichen Informationsquellen und verweisen auf ausgew\u00e4hlte Presseartikel &#8211; ohne Anspruch auf Vollst\u00e4ndigkeit und Richtigkeit.<\/p>\n","protected":false},"author":2,"featured_media":0,"parent":0,"menu_order":0,"comment_status":"closed","ping_status":"closed","template":"","meta":{"om_disable_all_campaigns":false,"sfsi_plus_gutenberg_text_before_share":"","sfsi_plus_gutenberg_show_text_before_share":"","sfsi_plus_gutenberg_icon_type":"","sfsi_plus_gutenberg_icon_alignemt":"","sfsi_plus_gutenburg_max_per_row":"","_monsterinsights_skip_tracking":false,"_monsterinsights_sitenote_active":false,"_monsterinsights_sitenote_note":"","_monsterinsights_sitenote_category":0,"_uf_show_specific_survey":0,"_uf_disable_surveys":false,"_genesis_hide_title":false,"_genesis_hide_breadcrumbs":false,"_genesis_hide_singular_image":false,"_genesis_hide_footer_widgets":false,"_genesis_custom_body_class":"","_genesis_custom_post_class":"","_genesis_layout":"","footnotes":""},"class_list":{"0":"post-174","1":"page","2":"type-page","3":"status-publish","5":"entry"},"aioseo_notices":[],"_links":{"self":[{"href":"https:\/\/www.spruchverfahren-direkt.de\/index.php?rest_route=\/wp\/v2\/pages\/174","targetHints":{"allow":["GET"]}}],"collection":[{"href":"https:\/\/www.spruchverfahren-direkt.de\/index.php?rest_route=\/wp\/v2\/pages"}],"about":[{"href":"https:\/\/www.spruchverfahren-direkt.de\/index.php?rest_route=\/wp\/v2\/types\/page"}],"author":[{"embeddable":true,"href":"https:\/\/www.spruchverfahren-direkt.de\/index.php?rest_route=\/wp\/v2\/users\/2"}],"replies":[{"embeddable":true,"href":"https:\/\/www.spruchverfahren-direkt.de\/index.php?rest_route=%2Fwp%2Fv2%2Fcomments&post=174"}],"version-history":[{"count":0,"href":"https:\/\/www.spruchverfahren-direkt.de\/index.php?rest_route=\/wp\/v2\/pages\/174\/revisions"}],"wp:attachment":[{"href":"https:\/\/www.spruchverfahren-direkt.de\/index.php?rest_route=%2Fwp%2Fv2%2Fmedia&parent=174"}],"curies":[{"name":"wp","href":"https:\/\/api.w.org\/{rel}","templated":true}]}}