{"id":1915,"date":"2020-10-02T21:54:12","date_gmt":"2020-10-02T19:54:12","guid":{"rendered":"https:\/\/www.spruchverfahren-direkt.de\/?page_id=1915"},"modified":"2020-11-23T14:19:10","modified_gmt":"2020-11-23T13:19:10","slug":"rocket-internet-ag","status":"publish","type":"page","link":"https:\/\/www.spruchverfahren-direkt.de\/?page_id=1915","title":{"rendered":"Rocket Internet SE"},"content":{"rendered":"\n<p><strong>Zielgesellschaft:<\/strong> Rocket Internet AG \u2013 Handelsregisger Amtsgericht Charlottenburg HRB165662B \u2013 <a rel=\"noreferrer noopener\" href=\"https:\/\/www.boerse-frankfurt.de\/aktie\/rocket-internet-se\" target=\"_blank\"><strong>WKN:<\/strong> A12UKK <strong>ISIN:<\/strong> DE000A12UKK6<\/a> \u2013 Geregelter Markt \u2013 Stand 02.10.2020: 135,69 Mio. Aktien, 45,11 % Global Founders GmbH, 4,53 % Oliver Samwer und 50,36 % Streubestiz, Marktkapitalisierung 2,53 Milliarden Euro. (<a rel=\"noreferrer noopener\" href=\"https:\/\/www.dgap.de\/dgap\/Companies\/rocket-internet-se\/?companyId=380295&amp;id=1020\" target=\"_blank\"><strong>DGAP Ad-hoc Mitteilungen<\/strong><\/a>) (<a rel=\"noreferrer noopener\" href=\"https:\/\/www.rocket-internet.com\/investors\/share\/public-delisting-self-tender-offer\" target=\"_blank\"><strong>Informationsseite zum Angebot<\/strong><\/a>)  (<a rel=\"noreferrer noopener\" href=\"https:\/\/www.bafin.de\/SharedDocs\/Downloads\/DE\/Angebotsunterlage\/rocket_internet_se.pdf?__blob=publicationFile&amp;v=1\" target=\"_blank\">Angebotsunterlage<\/a>) &#8211; <strong>\u00d6ffentliches Delisting-R\u00fcckerwerbsangebot nach \u00a7 39 Abs. 2 und 3 B\u00f6rsG &#8211; Delisting<\/strong> Die Gr\u00fcnde f\u00fcr das Delisting reflektiert die Angebotsunterlage auf den Seiten 49 ff. Das sind unter anderem: B\u00f6rsennotierung nicht mehr erforderlich, Beg\u00fcnstigung langfristiger Strategien und Reduzierung von Kosten \/ Komplexit\u00e4t. <\/p>\n\n\n\n<p><strong>Bieterin:&nbsp;<\/strong> Erwerb eigener Aktien. Die o.g. Aktion\u00e4re dienen ihre Aktien nach Abschluss einer <strong>quaifizierten Nichtannahmeverpflichtung<\/strong> nicht an.  Die Aufsichtsratsmitglieder Prof. Dr. Marcus Englert (3.500 Aktien = 0,003 %) und Norbert Lang (150.000 Aktien = 0,11 %) haben sich ebenfalls zur Nichtannahme verpflichtet.<\/p>\n\n\n\n<p><strong>Angebotspreis:<\/strong> Die Geldleistung betr\u00e4gt EUR 18,57 pro Aktie. (<a href=\"https:\/\/www.dgap.de\/dgap\/News\/corporate\/rocket-internet-bafin-teilt-massgeblichen-sechsmonatsdurchschnittskurs-fuer-das-delistingrueckerwerbsangebot-mit\/?newsID=1395917\" target=\"_blank\" rel=\"noreferrer noopener\">BaFin am 09.09.2020: EUR 18,56<\/a>)<\/p>\n\n\n\n<p><strong>Annahmefrist<\/strong>: 01.10.2020 bis zum 30.10.2020. Die eingereichten Rocket Internet-Aktien erhalten die ISINDE000A289WU1 \/ WKN A289WU. Ein B\u00f6rsenhandel der eingereichten Aktien ist nicht vorgesehen, eine Verl\u00e4ngerung der Annahmefrist ist m\u00f6glich. <\/p>\n\n\n\n<p><strong>Annahmequote:<\/strong> Das Angebot wurde f\u00fcr insgesamt 27.596.228 Aktien = 20,34 % aller Aktien angenommen. Die Gesellschaft hielt 203.439 Aktien = 0,15 %, die Global Founders GmbH 61.210.467 = 45,11 % der Aktien. (<a rel=\"noreferrer noopener\" href=\"https:\/\/introck5-downloads.s3.eu-central-1.amazonaws.com\/investors\/758736ae-b3c1-430b-a47c-8a5920e25f32-PDSTO\/Rocket+Internet+SE+-+Bekanntmachungen+gem%C3%A4%C3%9F+%C2%A7+23+Abs.+1+Wp%C3%9CG+in+Verb.+mit.+%C2%A7+39+B%C3%B6rsG+(DE)+-+4.+November+2020.pdf\" target=\"_blank\">Mitteilung vom 4. November 2020<\/a>) <\/p>\n\n\n\n<p><strong>Angebotsbedingungen<\/strong>:  keine Vollzugsbedingungen da R\u00fcckerwerbsangebot<\/p>\n\n\n\n<p><strong>Kompensationspflichtige Strukturma\u00dfnahmen<\/strong>: Die <a rel=\"noreferrer noopener\" href=\"https:\/\/www.bafin.de\/SharedDocs\/Downloads\/DE\/Angebotsunterlage\/rocket_internet_se.pdf?__blob=publicationFile&amp;v=1\" target=\"_blank\">Angebotsunterlage <\/a>diskutiert auf den Seiten 60 f. (Ziffer 7.7.) und 84 bis 86 (ab Ziffer 13.3.) verschiedene kompensationspflichtige Strukturma\u00dfnahmen. Sie l\u00e4sst aber offen, unter welchen Voraussetzungen welche Ma\u00dfnahmen in Betracht kommen k\u00f6nnten. Grund f\u00fcr das Delisting: Man ben\u00f6tigt keinen Zugang mehr zum Kapitalmarkt. <\/p>\n\n\n\n<p><strong>Bisherige Entwicklung:&nbsp; <\/strong>Eine <a rel=\"noreferrer noopener\" href=\"https:\/\/www.dgap.de\/dgap\/News\/adhoc\/rocket-internet-beschliesst-abgabe-eines-oeffentlichen-delistingrueckerwerbsangebots-und-beruft-dafuer-ausserordentliche-hauptversammlung-ein-paralleles-aktienrueckkaufprogramm\/?newsID=1393507\" target=\"_blank\">Mitteilung vom 01.09.2020<\/a> von 08:05 Uhr k\u00fcndigt das <strong>Delisting<\/strong>, das <strong>\u00dcbernahmeangebot <\/strong>sowie eine <strong>Hauptversammlung <\/strong>f\u00fcr den 24. September 2020, um die satzungsm\u00e4\u00dfigen Voraussetzungen zu schaffen. Weitere Mitteilungen: <a rel=\"noreferrer noopener\" href=\"https:\/\/www.dgap.de\/dgap\/News\/wpueg\/angebot-zum-erwerb-zielgesellschaft-rocket-internet-se\/?newsID=1393503\" target=\"_blank\">01.09.2020, 08:04 Uhr: Angebot zum Erwerb<\/a>; <a rel=\"noreferrer noopener\" href=\"https:\/\/www.dgap.de\/dgap\/News\/corporate\/rocket-internet-rocket-internet-beschliesst-abgabe-eines-oeffentlichen-delistingrueckerwerbsangebots-und-beruft-dafuer-ausserordentliche-hauptversammlung-ein-paralleles-aktienrueckkaufprogramm\/?newsID=1393511\" target=\"_blank\">01.09.2020, 08:06 Uhr: Entscheidung \u00fcber Delisting-R\u00fcckerwertb, ao Hauptversammlung, Aktienr\u00fcckkaufprogramm<\/a>; <a rel=\"noreferrer noopener\" href=\"https:\/\/www.dgap.de\/dgap\/News\/cms\/rocket-internet-veroeffentlichung-einer-kapitalmarktinformation\/?newsID=1393537\" target=\"_blank\">01.09.2020: Kapitalmarktinformation<\/a>. Das Delisting an der <strong>Luxemburger Wertpapierb\u00f6rse<\/strong> ist bereits am 15. September 2020 wirksam geworden. Die <strong>au\u00dferordentliche <a rel=\"noreferrer noopener\" href=\"https:\/\/www.dgap.de\/dgap\/News\/corporate\/rocket-internet-ausserordentliche-hauptversammlung\/?newsID=1400397\" target=\"_blank\">Hauptversammlung hat am 24. September 2020<\/a><\/strong> die Grundlage f\u00fcr das Delisting geschaffen: <strong>Einziehung von bis zu 69.447.991 eigenen Aktien<\/strong> und Erneuerung der <strong>R\u00fcckkauferm\u00e4chtigung<\/strong>. Noch am <a rel=\"noreferrer noopener\" href=\"https:\/\/www.dgap.de\/dgap\/News\/cms\/rocket-internet-veroeffentlichung-einer-kapitalmarktinformation\/?newsID=1400401\" target=\"_blank\">24.09.2020 haben Vorstand und Aufsichtsrat beschlossen<\/a>, das <strong>Aktienr\u00fcckkaufprogramm 2020\/II<\/strong> im Volumen von bis zu 11.996.721 Aktien mit einem Gesamtkaufpreis in der H\u00f6he von EUR 222.779.108,97 zu starten. <\/p>\n","protected":false},"excerpt":{"rendered":"<p>Zielgesellschaft: Rocket Internet AG \u2013 Handelsregisger Amtsgericht Charlottenburg HRB165662B \u2013 WKN: A12UKK ISIN: DE000A12UKK6 \u2013 Geregelter Markt \u2013 Stand 02.10.2020: 135,69 Mio. Aktien, 45,11 % Global Founders GmbH, 4,53 % Oliver Samwer und 50,36 % Streubestiz, Marktkapitalisierung 2,53 Milliarden Euro. (DGAP Ad-hoc Mitteilungen) (Informationsseite zum Angebot) (Angebotsunterlage) &#8211; \u00d6ffentliches Delisting-R\u00fcckerwerbsangebot nach \u00a7 39 Abs. 2 [&hellip;]<\/p>\n","protected":false},"author":2,"featured_media":0,"parent":0,"menu_order":0,"comment_status":"closed","ping_status":"closed","template":"","meta":{"om_disable_all_campaigns":false,"sfsi_plus_gutenberg_text_before_share":"","sfsi_plus_gutenberg_show_text_before_share":"","sfsi_plus_gutenberg_icon_type":"","sfsi_plus_gutenberg_icon_alignemt":"","sfsi_plus_gutenburg_max_per_row":"","_monsterinsights_skip_tracking":false,"_monsterinsights_sitenote_active":false,"_monsterinsights_sitenote_note":"","_monsterinsights_sitenote_category":0,"_uf_show_specific_survey":0,"_uf_disable_surveys":false,"_genesis_hide_title":false,"_genesis_hide_breadcrumbs":false,"_genesis_hide_singular_image":false,"_genesis_hide_footer_widgets":false,"_genesis_custom_body_class":"","_genesis_custom_post_class":"","_genesis_layout":"","footnotes":""},"class_list":{"0":"post-1915","1":"page","2":"type-page","3":"status-publish","5":"entry"},"aioseo_notices":[],"_links":{"self":[{"href":"https:\/\/www.spruchverfahren-direkt.de\/index.php?rest_route=\/wp\/v2\/pages\/1915","targetHints":{"allow":["GET"]}}],"collection":[{"href":"https:\/\/www.spruchverfahren-direkt.de\/index.php?rest_route=\/wp\/v2\/pages"}],"about":[{"href":"https:\/\/www.spruchverfahren-direkt.de\/index.php?rest_route=\/wp\/v2\/types\/page"}],"author":[{"embeddable":true,"href":"https:\/\/www.spruchverfahren-direkt.de\/index.php?rest_route=\/wp\/v2\/users\/2"}],"replies":[{"embeddable":true,"href":"https:\/\/www.spruchverfahren-direkt.de\/index.php?rest_route=%2Fwp%2Fv2%2Fcomments&post=1915"}],"version-history":[{"count":0,"href":"https:\/\/www.spruchverfahren-direkt.de\/index.php?rest_route=\/wp\/v2\/pages\/1915\/revisions"}],"wp:attachment":[{"href":"https:\/\/www.spruchverfahren-direkt.de\/index.php?rest_route=%2Fwp%2Fv2%2Fmedia&parent=1915"}],"curies":[{"name":"wp","href":"https:\/\/api.w.org\/{rel}","templated":true}]}}