{"id":65,"date":"2019-05-22T11:06:52","date_gmt":"2019-05-22T09:06:52","guid":{"rendered":"http:\/\/svproduction.wpengine.com\/?page_id=65"},"modified":"2023-02-14T11:44:07","modified_gmt":"2023-02-14T10:44:07","slug":"kontakt-impressum","status":"publish","type":"page","link":"https:\/\/www.spruchverfahren-direkt.de\/?page_id=65","title":{"rendered":"Kontakt \/ Impressum"},"content":{"rendered":"\n<p><strong>Vielen Dank f\u00fcr Ihr Interesse an dem aktionaersforum. Finden Sie hier Ansprechpartner und Kontakte.<\/strong><\/p>\n\n\n\n<h2 class=\"wp-block-heading\">Neutralit\u00e4tskodex<\/h2>\n\n\n\n<p>Das aktionaersforum ist unabh\u00e4ngig und neutral.<\/p>\n\n\n\n<p>Jeder Teilnehmer soll das aktionaersforum unabh\u00e4ngig von Dritten nutzen. Jede Form eines \u201eActing-in-concert&#8220; oder Aufforderung zu einem abgestimmten Verhalten, welches Bekanntmachungspflichten verwirklicht, ist nicht gestattet. Jeder Teilnehmer ist f\u00fcr die Nutzung des aktionaersforums allein verantwortlich. \u00c4u\u00dferungen von Teilnehmern im aktionaersforum geben nicht die Meinung der aktionaersforum service GmbH oder anderer Teilnehmer wieder.<\/p>\n\n\n\n<p>Das aktionaersforum tritt nicht im Namen oder f\u00fcr Rechnung Dritter auf, soweit nicht ausdr\u00fccklich mit den jeweiligen Teilnehmern ein anderes vereinbart worden ist.<\/p>\n\n\n\n<h2 class=\"wp-block-heading\">Rechtliche Hinweise<\/h2>\n\n\n\n<p>Es gelten die Nutzungsbedingungen der aktionaersforum service GmbH. Bitte beachten Sie die Hinweise zum Haftungsausschluss.<\/p>\n\n\n\n<p>\u00a9 Copyright aktionaersforum service GmbH, soweit nicht ausdr\u00fccklich anders angegeben<\/p>\n\n\n\n<p>Alle Rechte vorbehalten.<\/p>\n\n\n\n<p>Der Inhalt des aktionaersforums ist urheberrechtlich gesch\u00fctzt. Der Nachdruck, die Aufnahme in Webseiten und die Vervielf\u00e4ltigung auf Datentr\u00e4ger, z.B. USB-Stick, DVD, d\u00fcrfen nur nach Einwilligung in Form der ausdr\u00fccklichen vorherigen schriftlichen Zustimmung durch die aktionaersforum AG erfolgen. Eine kommerzielle Verwendung der Inhalte ohne vorherige Zustimmung der aktionaersforum AG ist untersagt.<\/p>\n\n\n\n<p>Zum Teil enth\u00e4lt das aktionaersforum auch Inhalte, die durch das Urheberrecht desjenigen gesch\u00fctzt sind, der die Inhalte zur Verf\u00fcgung gestellt hat.<\/p>\n\n\n\n<h2 class=\"wp-block-heading\">Impressum<\/h2>\n\n\n\n<p>aktionaersforum service GmbH<br>Kennedyallee 47<br>60596 Frankfurt<br>Deutschland<br>Telefon: +49 (0)69 27 27 87 46<br>Fax: +49 (0)69 247 476 8-70<br>E-Mail: info@aktionaersforum.de<\/p>\n\n\n\n<p><strong>Gesch\u00e4ftsf\u00fchrer:<\/strong><br>Dr. Arno Balzer<br>Registergericht: Amtsgericht Frankfurt am Main<br>Registernummer: HRB 99433<br>AG Frankfurt\/Main<br>HRE 99433<br>Ust-ID DE29 615 0635<\/p>\n\n\n\n<p><strong>Berufshaftpflichtversicherung:<\/strong><br>Allianz Versicherungs-Aktiengesellschaft<br>10900 Berlin<\/p>\n\n\n\n<p>R\u00e4umlicher Geltungsbereich: Betriebsst\u00e4tten, Betriebseinrichtungen und betriebliche Nebenrisiken innerhalb der Bundesrepublik Deutschland<\/p>\n\n\n\n<p>Sie wollen mit kommentieren oder mit debattieren, dann m\u00fcssen Sie sich \u00fcber den Link &#8218;Login&#8216; anmelden oder registrieren.<\/p>\n","protected":false},"excerpt":{"rendered":"<p>Vielen Dank f\u00fcr Ihr Interesse an dem aktionaersforum. Finden Sie hier Ansprechpartner und Kontakte. Neutralit\u00e4tskodex Das aktionaersforum ist unabh\u00e4ngig und neutral. Jeder Teilnehmer soll das aktionaersforum unabh\u00e4ngig von Dritten nutzen. Jede Form eines \u201eActing-in-concert&#8220; oder Aufforderung zu einem abgestimmten Verhalten, welches Bekanntmachungspflichten verwirklicht, ist nicht gestattet. Jeder Teilnehmer ist f\u00fcr die Nutzung des aktionaersforums allein [&hellip;]<\/p>\n","protected":false},"author":4,"featured_media":0,"parent":0,"menu_order":0,"comment_status":"closed","ping_status":"closed","template":"","meta":{"om_disable_all_campaigns":false,"sfsi_plus_gutenberg_text_before_share":"","sfsi_plus_gutenberg_show_text_before_share":"","sfsi_plus_gutenberg_icon_type":"","sfsi_plus_gutenberg_icon_alignemt":"","sfsi_plus_gutenburg_max_per_row":"","_monsterinsights_skip_tracking":false,"_monsterinsights_sitenote_active":false,"_monsterinsights_sitenote_note":"","_monsterinsights_sitenote_category":0,"_uf_show_specific_survey":0,"_uf_disable_surveys":false,"_genesis_hide_title":false,"_genesis_hide_breadcrumbs":false,"_genesis_hide_singular_image":false,"_genesis_hide_footer_widgets":false,"_genesis_custom_body_class":"","_genesis_custom_post_class":"","_genesis_layout":"","footnotes":""},"class_list":{"0":"post-65","1":"page","2":"type-page","3":"status-publish","5":"entry"},"aioseo_notices":[],"_links":{"self":[{"href":"https:\/\/www.spruchverfahren-direkt.de\/index.php?rest_route=\/wp\/v2\/pages\/65","targetHints":{"allow":["GET"]}}],"collection":[{"href":"https:\/\/www.spruchverfahren-direkt.de\/index.php?rest_route=\/wp\/v2\/pages"}],"about":[{"href":"https:\/\/www.spruchverfahren-direkt.de\/index.php?rest_route=\/wp\/v2\/types\/page"}],"author":[{"embeddable":true,"href":"https:\/\/www.spruchverfahren-direkt.de\/index.php?rest_route=\/wp\/v2\/users\/4"}],"replies":[{"embeddable":true,"href":"https:\/\/www.spruchverfahren-direkt.de\/index.php?rest_route=%2Fwp%2Fv2%2Fcomments&post=65"}],"version-history":[{"count":0,"href":"https:\/\/www.spruchverfahren-direkt.de\/index.php?rest_route=\/wp\/v2\/pages\/65\/revisions"}],"wp:attachment":[{"href":"https:\/\/www.spruchverfahren-direkt.de\/index.php?rest_route=%2Fwp%2Fv2%2Fmedia&parent=65"}],"curies":[{"name":"wp","href":"https:\/\/api.w.org\/{rel}","templated":true}]}}