{"id":88,"date":"2019-06-10T14:03:19","date_gmt":"2019-06-10T12:03:19","guid":{"rendered":"http:\/\/svproduction.wpengine.com\/?page_id=88"},"modified":"2023-11-24T12:41:21","modified_gmt":"2023-11-24T11:41:21","slug":"newsletter","status":"publish","type":"page","link":"https:\/\/www.spruchverfahren-direkt.de\/?page_id=88","title":{"rendered":"Newsletter"},"content":{"rendered":"<p>Abonnenten von unserem Newsletter informieren wir w\u00f6chentlich.<\/p>\n<p>Unser Newsletter wird \u00fcber unseren Partner CleverReach verwaltet. Dieser Link f\u00fchrt auf das entsprechende Formular, um sich in unserem Newsletter anzumelden.<\/p>\n<p><a href=\"https:\/\/seu2.cleverreach.com\/f\/138572-373858\/\" target=\"_blank\" rel=\"noopener\">Newsletteranmeldung<\/a><\/p>\n<p>M\u00f6chten Sie sich aus unserem Newsletter austragen, benutzen Sie bitte diesen nachfolgenden Link.<\/p>\n<p><a href=\"https:\/\/seu2.cleverreach.com\/f\/138572-373858\/wwu\/\" target=\"_blank\" rel=\"noopener\">Newsletterabmeldung<\/a><\/p>\n<p>Detaillierte Informationen zum Umgang mit Nutzerdaten finden Sie in unter dem Link<\/p>\n<p><a href=\"https:\/\/www.spruchverfahren-direkt.de\/?page_id=64\" target=\"_blank\" rel=\"noopener\">AGB\/ Datenschutz<\/a><\/p>\n","protected":false},"excerpt":{"rendered":"<p>Abonnenten von unserem Newsletter informieren wir w\u00f6chentlich. Unser Newsletter wird \u00fcber unseren Partner CleverReach verwaltet. Dieser Link f\u00fchrt auf das entsprechende Formular, um sich in unserem Newsletter anzumelden. Newsletteranmeldung M\u00f6chten Sie sich aus unserem Newsletter austragen, benutzen Sie bitte diesen nachfolgenden Link. Newsletterabmeldung Detaillierte Informationen zum Umgang mit Nutzerdaten finden Sie in unter dem Link [&hellip;]<\/p>\n","protected":false},"author":2,"featured_media":0,"parent":0,"menu_order":0,"comment_status":"closed","ping_status":"closed","template":"","meta":{"om_disable_all_campaigns":false,"sfsi_plus_gutenberg_text_before_share":"","sfsi_plus_gutenberg_show_text_before_share":"","sfsi_plus_gutenberg_icon_type":"","sfsi_plus_gutenberg_icon_alignemt":"","sfsi_plus_gutenburg_max_per_row":"","_monsterinsights_skip_tracking":false,"_monsterinsights_sitenote_active":false,"_monsterinsights_sitenote_note":"","_monsterinsights_sitenote_category":0,"_uf_show_specific_survey":0,"_uf_disable_surveys":false,"_genesis_hide_title":false,"_genesis_hide_breadcrumbs":false,"_genesis_hide_singular_image":false,"_genesis_hide_footer_widgets":false,"_genesis_custom_body_class":"","_genesis_custom_post_class":"","_genesis_layout":"","footnotes":""},"class_list":{"0":"post-88","1":"page","2":"type-page","3":"status-publish","5":"entry"},"aioseo_notices":[],"_links":{"self":[{"href":"https:\/\/www.spruchverfahren-direkt.de\/index.php?rest_route=\/wp\/v2\/pages\/88","targetHints":{"allow":["GET"]}}],"collection":[{"href":"https:\/\/www.spruchverfahren-direkt.de\/index.php?rest_route=\/wp\/v2\/pages"}],"about":[{"href":"https:\/\/www.spruchverfahren-direkt.de\/index.php?rest_route=\/wp\/v2\/types\/page"}],"author":[{"embeddable":true,"href":"https:\/\/www.spruchverfahren-direkt.de\/index.php?rest_route=\/wp\/v2\/users\/2"}],"replies":[{"embeddable":true,"href":"https:\/\/www.spruchverfahren-direkt.de\/index.php?rest_route=%2Fwp%2Fv2%2Fcomments&post=88"}],"version-history":[{"count":0,"href":"https:\/\/www.spruchverfahren-direkt.de\/index.php?rest_route=\/wp\/v2\/pages\/88\/revisions"}],"wp:attachment":[{"href":"https:\/\/www.spruchverfahren-direkt.de\/index.php?rest_route=%2Fwp%2Fv2%2Fmedia&parent=88"}],"curies":[{"name":"wp","href":"https:\/\/api.w.org\/{rel}","templated":true}]}}